{"id":51568,"date":"2023-02-06T14:52:10","date_gmt":"2023-03-08T13:57:27","guid":{"rendered":"https:\/\/www.scopecycling.com\/?post_type=product&#038;p=51568"},"modified":"2025-06-12T06:14:18","modified_gmt":"2025-06-12T06:14:18","slug":"wieltas","status":"publish","type":"product","link":"https:\/\/www.scopecycling.com\/nl\/product\/wieltas\/","title":{"rendered":"Wieltas"},"content":{"rendered":"<p>De Scope \u201cDouble Wheel\u201d wieltas heeft twee aparte compartimenten, \u00e9\u00e9n voor je voorwiel en \u00e9\u00e9n voor je achterwiel. De wieltas is gemaakt van een zeer robuuste nylon stof en heeft dikke padding in de zijwanden, waardoor je wielen beschermd zijn tegen stoten of eventuele beschadigingen tijdens het transport.<\/p>\n<p>Een met een rits afsluitbare binnenzak biedt een veilige opbergmogelijkheid voor uw snelspanners of steekassen en andere kleine accessoires. Om je wieltas comfortabel te kunnen vervoeren, heeft hij een brede, afneembare schouderband.<\/p>\n","protected":false},"excerpt":{"rendered":"<p>De Scope \u201cDouble Wheel\u201d wieltas heeft twee aparte compartimenten, \u00e9\u00e9n voor je voorwiel en \u00e9\u00e9n voor je achterwiel. De wieltas is gemaakt van een zeer robuuste nylon stof en heeft dikke padding in de zijwanden, waardoor je wielen beschermd zijn tegen stoten of eventuele beschadigingen tijdens het transport. Een met een rits afsluitbare binnenzak biedt [&hellip;]<\/p>\n","protected":false},"featured_media":51261,"template":"","meta":{"_acf_changed":false,"content-type":""},"product_brand":[],"product_cat":[200],"product_tag":[],"class_list":{"0":"post-51568","1":"product","2":"type-product","3":"status-publish","4":"has-post-thumbnail","6":"product_cat-spare-parts-nl","8":"first","9":"onbackorder","10":"taxable","11":"shipping-taxable","12":"purchasable","13":"product-type-simple"},"acf":[],"yoast_head":"<!-- This site is optimized with the Yoast SEO Premium plugin v27.3 (Yoast SEO v27.3) - https:\/\/yoast.com\/product\/yoast-seo-premium-wordpress\/ -->\n<title>Wieltas - Scope Cycling<\/title>\n<meta name=\"robots\" content=\"index, follow, max-snippet:-1, max-image-preview:large, max-video-preview:-1\" \/>\n<link rel=\"canonical\" href=\"https:\/\/www.scopecycling.com\/nl\/product\/wieltas\/\" \/>\n<meta property=\"og:locale\" content=\"nl_NL\" \/>\n<meta property=\"og:type\" content=\"article\" \/>\n<meta property=\"og:title\" content=\"Wieltas\" \/>\n<meta property=\"og:description\" content=\"De Scope \u201cDouble Wheel\u201d wieltas heeft twee aparte compartimenten, \u00e9\u00e9n voor je voorwiel en \u00e9\u00e9n voor je achterwiel. De wieltas is gemaakt van een zeer robuuste nylon stof en heeft dikke padding in de zijwanden, waardoor je wielen beschermd zijn tegen stoten of eventuele beschadigingen tijdens het transport. Een met een rits afsluitbare binnenzak biedt [&hellip;]\" \/>\n<meta property=\"og:url\" content=\"https:\/\/www.scopecycling.com\/nl\/product\/wieltas\/\" \/>\n<meta property=\"og:site_name\" content=\"Scope Cycling\" \/>\n<meta property=\"article:modified_time\" content=\"2025-06-12T06:14:18+00:00\" \/>\n<meta property=\"og:image\" content=\"https:\/\/www.scopecycling.com\/wp-content\/uploads\/2023\/02\/51072638933_c7b6a4a39b_k.jpg\" \/>\n\t<meta property=\"og:image:width\" content=\"2048\" \/>\n\t<meta property=\"og:image:height\" content=\"1699\" \/>\n\t<meta property=\"og:image:type\" content=\"image\/jpeg\" \/>\n<meta name=\"twitter:card\" content=\"summary_large_image\" \/>\n<meta name=\"twitter:label1\" content=\"Prijs\" \/>\n\t<meta name=\"twitter:data1\" content=\"&#036;76,00\" \/>\n\t<meta name=\"twitter:label2\" content=\"Beschikbaarheid\" \/>\n\t<meta name=\"twitter:data2\" content=\"Op nabestelling\" \/>\n<script type=\"application\/ld+json\" class=\"yoast-schema-graph\">{\"@context\":\"https:\\\/\\\/schema.org\",\"@graph\":[{\"@type\":\"WebPage\",\"@id\":\"https:\\\/\\\/www.scopecycling.com\\\/nl\\\/product\\\/wieltas\\\/\",\"url\":\"https:\\\/\\\/www.scopecycling.com\\\/nl\\\/product\\\/wieltas\\\/\",\"name\":\"Wieltas - Scope Cycling\",\"isPartOf\":{\"@id\":\"https:\\\/\\\/www.scopecycling.com\\\/nl\\\/#website\"},\"primaryImageOfPage\":{\"@id\":\"https:\\\/\\\/www.scopecycling.com\\\/nl\\\/product\\\/wieltas\\\/#primaryimage\"},\"image\":{\"@id\":\"https:\\\/\\\/www.scopecycling.com\\\/nl\\\/product\\\/wieltas\\\/#primaryimage\"},\"thumbnailUrl\":\"https:\\\/\\\/www.scopecycling.com\\\/wp-content\\\/uploads\\\/2023\\\/02\\\/51072638933_c7b6a4a39b_k.jpg\",\"datePublished\":\"2023-03-08T13:57:27+00:00\",\"dateModified\":\"2025-06-12T06:14:18+00:00\",\"breadcrumb\":{\"@id\":\"https:\\\/\\\/www.scopecycling.com\\\/nl\\\/product\\\/wieltas\\\/#breadcrumb\"},\"inLanguage\":\"nl-NL\",\"potentialAction\":[{\"@type\":\"ReadAction\",\"target\":[\"https:\\\/\\\/www.scopecycling.com\\\/nl\\\/product\\\/wieltas\\\/\"]}]},{\"@type\":\"ImageObject\",\"inLanguage\":\"nl-NL\",\"@id\":\"https:\\\/\\\/www.scopecycling.com\\\/nl\\\/product\\\/wieltas\\\/#primaryimage\",\"url\":\"https:\\\/\\\/www.scopecycling.com\\\/wp-content\\\/uploads\\\/2023\\\/02\\\/51072638933_c7b6a4a39b_k.jpg\",\"contentUrl\":\"https:\\\/\\\/www.scopecycling.com\\\/wp-content\\\/uploads\\\/2023\\\/02\\\/51072638933_c7b6a4a39b_k.jpg\",\"width\":2048,\"height\":1699},{\"@type\":\"BreadcrumbList\",\"@id\":\"https:\\\/\\\/www.scopecycling.com\\\/nl\\\/product\\\/wieltas\\\/#breadcrumb\",\"itemListElement\":[{\"@type\":\"ListItem\",\"position\":1,\"name\":\"Home\",\"item\":\"https:\\\/\\\/www.scopecycling.com\\\/nl\\\/\"},{\"@type\":\"ListItem\",\"position\":2,\"name\":\"Winkel\",\"item\":\"https:\\\/\\\/www.scopecycling.com\\\/nl\\\/winkel\\\/\"},{\"@type\":\"ListItem\",\"position\":3,\"name\":\"Wieltas\"}]},{\"@type\":\"WebSite\",\"@id\":\"https:\\\/\\\/www.scopecycling.com\\\/nl\\\/#website\",\"url\":\"https:\\\/\\\/www.scopecycling.com\\\/nl\\\/\",\"name\":\"Scope Cycling\",\"description\":\"High performance carbon wheels\",\"potentialAction\":[{\"@type\":\"SearchAction\",\"target\":{\"@type\":\"EntryPoint\",\"urlTemplate\":\"https:\\\/\\\/www.scopecycling.com\\\/nl\\\/?s={search_term_string}\"},\"query-input\":{\"@type\":\"PropertyValueSpecification\",\"valueRequired\":true,\"valueName\":\"search_term_string\"}}],\"inLanguage\":\"nl-NL\"}]}<\/script>\n<meta property=\"product:price:amount\" content=\"76.00\" \/>\n<meta property=\"product:price:currency\" content=\"USD\" \/>\n<meta property=\"og:availability\" content=\"backorder\" \/>\n<meta property=\"product:availability\" content=\"available for order\" \/>\n<meta property=\"product:retailer_item_id\" content=\"SC2014500\" \/>\n<meta property=\"product:condition\" content=\"new\" \/>\n<!-- \/ Yoast SEO Premium plugin. -->","yoast_head_json":{"title":"Wieltas - Scope Cycling","robots":{"index":"index","follow":"follow","max-snippet":"max-snippet:-1","max-image-preview":"max-image-preview:large","max-video-preview":"max-video-preview:-1"},"canonical":"https:\/\/www.scopecycling.com\/nl\/product\/wieltas\/","og_locale":"nl_NL","og_type":"article","og_title":"Wieltas","og_description":"De Scope \u201cDouble Wheel\u201d wieltas heeft twee aparte compartimenten, \u00e9\u00e9n voor je voorwiel en \u00e9\u00e9n voor je achterwiel. De wieltas is gemaakt van een zeer robuuste nylon stof en heeft dikke padding in de zijwanden, waardoor je wielen beschermd zijn tegen stoten of eventuele beschadigingen tijdens het transport. Een met een rits afsluitbare binnenzak biedt [&hellip;]","og_url":"https:\/\/www.scopecycling.com\/nl\/product\/wieltas\/","og_site_name":"Scope Cycling","article_modified_time":"2025-06-12T06:14:18+00:00","og_image":[{"width":2048,"height":1699,"url":"https:\/\/www.scopecycling.com\/wp-content\/uploads\/2023\/02\/51072638933_c7b6a4a39b_k.jpg","type":"image\/jpeg"}],"twitter_card":"summary_large_image","twitter_misc":{"Prijs":"&#36;76,00","Beschikbaarheid":"Op nabestelling"},"schema":{"@context":"https:\/\/schema.org","@graph":[{"@type":"WebPage","@id":"https:\/\/www.scopecycling.com\/nl\/product\/wieltas\/","url":"https:\/\/www.scopecycling.com\/nl\/product\/wieltas\/","name":"Wieltas - Scope Cycling","isPartOf":{"@id":"https:\/\/www.scopecycling.com\/nl\/#website"},"primaryImageOfPage":{"@id":"https:\/\/www.scopecycling.com\/nl\/product\/wieltas\/#primaryimage"},"image":{"@id":"https:\/\/www.scopecycling.com\/nl\/product\/wieltas\/#primaryimage"},"thumbnailUrl":"https:\/\/www.scopecycling.com\/wp-content\/uploads\/2023\/02\/51072638933_c7b6a4a39b_k.jpg","datePublished":"2023-03-08T13:57:27+00:00","dateModified":"2025-06-12T06:14:18+00:00","breadcrumb":{"@id":"https:\/\/www.scopecycling.com\/nl\/product\/wieltas\/#breadcrumb"},"inLanguage":"nl-NL","potentialAction":[{"@type":"ReadAction","target":["https:\/\/www.scopecycling.com\/nl\/product\/wieltas\/"]}]},{"@type":"ImageObject","inLanguage":"nl-NL","@id":"https:\/\/www.scopecycling.com\/nl\/product\/wieltas\/#primaryimage","url":"https:\/\/www.scopecycling.com\/wp-content\/uploads\/2023\/02\/51072638933_c7b6a4a39b_k.jpg","contentUrl":"https:\/\/www.scopecycling.com\/wp-content\/uploads\/2023\/02\/51072638933_c7b6a4a39b_k.jpg","width":2048,"height":1699},{"@type":"BreadcrumbList","@id":"https:\/\/www.scopecycling.com\/nl\/product\/wieltas\/#breadcrumb","itemListElement":[{"@type":"ListItem","position":1,"name":"Home","item":"https:\/\/www.scopecycling.com\/nl\/"},{"@type":"ListItem","position":2,"name":"Winkel","item":"https:\/\/www.scopecycling.com\/nl\/winkel\/"},{"@type":"ListItem","position":3,"name":"Wieltas"}]},{"@type":"WebSite","@id":"https:\/\/www.scopecycling.com\/nl\/#website","url":"https:\/\/www.scopecycling.com\/nl\/","name":"Scope Cycling","description":"High performance carbon wheels","potentialAction":[{"@type":"SearchAction","target":{"@type":"EntryPoint","urlTemplate":"https:\/\/www.scopecycling.com\/nl\/?s={search_term_string}"},"query-input":{"@type":"PropertyValueSpecification","valueRequired":true,"valueName":"search_term_string"}}],"inLanguage":"nl-NL"}]},"product_price_amount":"76.00","product_price_currency":"USD","og_availability":"backorder","product_availability":"available for order","product_retailer_item_id":"SC2014500","product_condition":"new"},"_links":{"self":[{"href":"https:\/\/www.scopecycling.com\/nl\/wp-json\/wp\/v2\/product\/51568","targetHints":{"allow":["GET"]}}],"collection":[{"href":"https:\/\/www.scopecycling.com\/nl\/wp-json\/wp\/v2\/product"}],"about":[{"href":"https:\/\/www.scopecycling.com\/nl\/wp-json\/wp\/v2\/types\/product"}],"wp:featuredmedia":[{"embeddable":true,"href":"https:\/\/www.scopecycling.com\/nl\/wp-json\/wp\/v2\/media\/51261"}],"wp:attachment":[{"href":"https:\/\/www.scopecycling.com\/nl\/wp-json\/wp\/v2\/media?parent=51568"}],"wp:term":[{"taxonomy":"product_brand","embeddable":true,"href":"https:\/\/www.scopecycling.com\/nl\/wp-json\/wp\/v2\/product_brand?post=51568"},{"taxonomy":"product_cat","embeddable":true,"href":"https:\/\/www.scopecycling.com\/nl\/wp-json\/wp\/v2\/product_cat?post=51568"},{"taxonomy":"product_tag","embeddable":true,"href":"https:\/\/www.scopecycling.com\/nl\/wp-json\/wp\/v2\/product_tag?post=51568"}],"curies":[{"name":"wp","href":"https:\/\/api.w.org\/{rel}","templated":true}]}}