{"id":47380,"date":"2022-07-11T07:56:30","date_gmt":"2022-07-11T07:56:30","guid":{"rendered":"https:\/\/www.scopecycling.com\/?post_type=product&#038;p=47380"},"modified":"2025-02-04T14:37:50","modified_gmt":"2025-02-04T14:37:50","slug":"s4a","status":"publish","type":"product","link":"https:\/\/www.scopecycling.com\/nl\/product\/s4a\/","title":{"rendered":"S4.A"},"content":{"rendered":"<p>All-Road | Uitstekende allrounder<\/p>\n","protected":false},"excerpt":{"rendered":"<p>Inclusief:<\/p>\n<ul>\n<li>30 dagen gratis uitproberen<\/li>\n<li>3 jaar garantie<\/li>\n<li>Levenslang crash vervanging<\/li>\n<li>Gratis wereldwijd verzenden<\/li>\n<li>Op werkdagen v\u00f3\u00f3r 16:00 uur besteld, dezelfde dag nog verzonden<\/li>\n<\/ul>\n<p>&nbsp;<\/p>\n<ul>\n<li>Tubeless ventielen (vooraf ge\u00efnstalleerd)<\/li>\n<li>Tubeless velglint (vooraf ge\u00efnstalleerd)<\/li>\n<\/ul>\n","protected":false},"featured_media":47538,"template":"","meta":{"_acf_changed":false,"content-type":""},"product_brand":[],"product_cat":[],"product_tag":[],"class_list":{"0":"post-47380","1":"product","2":"type-product","3":"status-publish","4":"has-post-thumbnail","7":"first","8":"instock","9":"taxable","10":"shipping-taxable","11":"purchasable","12":"product-type-variable","13":"has-default-attributes"},"acf":[],"yoast_head":"<!-- This site is optimized with the Yoast SEO Premium plugin v27.3 (Yoast SEO v27.3) - https:\/\/yoast.com\/product\/yoast-seo-premium-wordpress\/ -->\n<title>S4.A - Scope Cycling<\/title>\n<meta name=\"robots\" content=\"index, follow, max-snippet:-1, max-image-preview:large, max-video-preview:-1\" \/>\n<link rel=\"canonical\" href=\"https:\/\/www.scopecycling.com\/nl\/product\/s4a\/\" \/>\n<meta property=\"og:locale\" content=\"nl_NL\" \/>\n<meta property=\"og:type\" content=\"article\" \/>\n<meta property=\"og:title\" content=\"S4.A\" \/>\n<meta property=\"og:description\" content=\"Inclusief:   30 dagen gratis uitproberen  3 jaar garantie  Levenslang crash vervanging  Gratis wereldwijd verzenden  Op werkdagen v\u00f3\u00f3r 16:00 uur besteld, dezelfde dag nog verzonden  &nbsp;   Tubeless ventielen (vooraf ge\u00efnstalleerd)  Tubeless velglint (vooraf ge\u00efnstalleerd)\" \/>\n<meta property=\"og:url\" content=\"https:\/\/www.scopecycling.com\/nl\/product\/s4a\/\" \/>\n<meta property=\"og:site_name\" content=\"Scope Cycling\" \/>\n<meta property=\"article:modified_time\" content=\"2025-02-04T14:37:50+00:00\" \/>\n<meta property=\"og:image\" content=\"https:\/\/www.scopecycling.com\/wp-content\/uploads\/2022\/07\/S4a-wheelset-1.jpg\" \/>\n\t<meta property=\"og:image:width\" content=\"2048\" \/>\n\t<meta property=\"og:image:height\" content=\"1460\" \/>\n\t<meta property=\"og:image:type\" content=\"image\/jpeg\" \/>\n<meta name=\"twitter:card\" content=\"summary_large_image\" \/>\n<meta name=\"twitter:label1\" content=\"Beschikbaarheid\" \/>\n\t<meta name=\"twitter:data1\" content=\"Op voorraad\" \/>\n<script type=\"application\/ld+json\" class=\"yoast-schema-graph\">{\"@context\":\"https:\\\/\\\/schema.org\",\"@graph\":[{\"@type\":\"WebPage\",\"@id\":\"https:\\\/\\\/www.scopecycling.com\\\/nl\\\/product\\\/s4a\\\/\",\"url\":\"https:\\\/\\\/www.scopecycling.com\\\/nl\\\/product\\\/s4a\\\/\",\"name\":\"S4.A - Scope Cycling\",\"isPartOf\":{\"@id\":\"https:\\\/\\\/www.scopecycling.com\\\/nl\\\/#website\"},\"primaryImageOfPage\":{\"@id\":\"https:\\\/\\\/www.scopecycling.com\\\/nl\\\/product\\\/s4a\\\/#primaryimage\"},\"image\":{\"@id\":\"https:\\\/\\\/www.scopecycling.com\\\/nl\\\/product\\\/s4a\\\/#primaryimage\"},\"thumbnailUrl\":\"https:\\\/\\\/www.scopecycling.com\\\/wp-content\\\/uploads\\\/2022\\\/07\\\/S4a-wheelset-1.jpg\",\"datePublished\":\"2022-07-11T07:56:30+00:00\",\"dateModified\":\"2025-02-04T14:37:50+00:00\",\"breadcrumb\":{\"@id\":\"https:\\\/\\\/www.scopecycling.com\\\/nl\\\/product\\\/s4a\\\/#breadcrumb\"},\"inLanguage\":\"nl-NL\",\"potentialAction\":[{\"@type\":\"ReadAction\",\"target\":[\"https:\\\/\\\/www.scopecycling.com\\\/nl\\\/product\\\/s4a\\\/\"]}]},{\"@type\":\"ImageObject\",\"inLanguage\":\"nl-NL\",\"@id\":\"https:\\\/\\\/www.scopecycling.com\\\/nl\\\/product\\\/s4a\\\/#primaryimage\",\"url\":\"https:\\\/\\\/www.scopecycling.com\\\/wp-content\\\/uploads\\\/2022\\\/07\\\/S4a-wheelset-1.jpg\",\"contentUrl\":\"https:\\\/\\\/www.scopecycling.com\\\/wp-content\\\/uploads\\\/2022\\\/07\\\/S4a-wheelset-1.jpg\",\"width\":2048,\"height\":1460},{\"@type\":\"BreadcrumbList\",\"@id\":\"https:\\\/\\\/www.scopecycling.com\\\/nl\\\/product\\\/s4a\\\/#breadcrumb\",\"itemListElement\":[{\"@type\":\"ListItem\",\"position\":1,\"name\":\"Home\",\"item\":\"https:\\\/\\\/www.scopecycling.com\\\/nl\\\/\"},{\"@type\":\"ListItem\",\"position\":2,\"name\":\"Winkel\",\"item\":\"https:\\\/\\\/www.scopecycling.com\\\/nl\\\/winkel\\\/\"},{\"@type\":\"ListItem\",\"position\":3,\"name\":\"S4.A\"}]},{\"@type\":\"WebSite\",\"@id\":\"https:\\\/\\\/www.scopecycling.com\\\/nl\\\/#website\",\"url\":\"https:\\\/\\\/www.scopecycling.com\\\/nl\\\/\",\"name\":\"Scope Cycling\",\"description\":\"High performance carbon wheels\",\"potentialAction\":[{\"@type\":\"SearchAction\",\"target\":{\"@type\":\"EntryPoint\",\"urlTemplate\":\"https:\\\/\\\/www.scopecycling.com\\\/nl\\\/?s={search_term_string}\"},\"query-input\":{\"@type\":\"PropertyValueSpecification\",\"valueRequired\":true,\"valueName\":\"search_term_string\"}}],\"inLanguage\":\"nl-NL\"}]}<\/script>\n<meta property=\"og:availability\" content=\"instock\" \/>\n<meta property=\"product:availability\" content=\"instock\" \/>\n<meta property=\"product:condition\" content=\"new\" \/>\n<!-- \/ Yoast SEO Premium plugin. -->","yoast_head_json":{"title":"S4.A - Scope Cycling","robots":{"index":"index","follow":"follow","max-snippet":"max-snippet:-1","max-image-preview":"max-image-preview:large","max-video-preview":"max-video-preview:-1"},"canonical":"https:\/\/www.scopecycling.com\/nl\/product\/s4a\/","og_locale":"nl_NL","og_type":"article","og_title":"S4.A","og_description":"Inclusief:   30 dagen gratis uitproberen  3 jaar garantie  Levenslang crash vervanging  Gratis wereldwijd verzenden  Op werkdagen v\u00f3\u00f3r 16:00 uur besteld, dezelfde dag nog verzonden  &nbsp;   Tubeless ventielen (vooraf ge\u00efnstalleerd)  Tubeless velglint (vooraf ge\u00efnstalleerd)","og_url":"https:\/\/www.scopecycling.com\/nl\/product\/s4a\/","og_site_name":"Scope Cycling","article_modified_time":"2025-02-04T14:37:50+00:00","og_image":[{"width":2048,"height":1460,"url":"https:\/\/www.scopecycling.com\/wp-content\/uploads\/2022\/07\/S4a-wheelset-1.jpg","type":"image\/jpeg"}],"twitter_card":"summary_large_image","twitter_misc":{"Beschikbaarheid":"Op voorraad"},"schema":{"@context":"https:\/\/schema.org","@graph":[{"@type":"WebPage","@id":"https:\/\/www.scopecycling.com\/nl\/product\/s4a\/","url":"https:\/\/www.scopecycling.com\/nl\/product\/s4a\/","name":"S4.A - Scope Cycling","isPartOf":{"@id":"https:\/\/www.scopecycling.com\/nl\/#website"},"primaryImageOfPage":{"@id":"https:\/\/www.scopecycling.com\/nl\/product\/s4a\/#primaryimage"},"image":{"@id":"https:\/\/www.scopecycling.com\/nl\/product\/s4a\/#primaryimage"},"thumbnailUrl":"https:\/\/www.scopecycling.com\/wp-content\/uploads\/2022\/07\/S4a-wheelset-1.jpg","datePublished":"2022-07-11T07:56:30+00:00","dateModified":"2025-02-04T14:37:50+00:00","breadcrumb":{"@id":"https:\/\/www.scopecycling.com\/nl\/product\/s4a\/#breadcrumb"},"inLanguage":"nl-NL","potentialAction":[{"@type":"ReadAction","target":["https:\/\/www.scopecycling.com\/nl\/product\/s4a\/"]}]},{"@type":"ImageObject","inLanguage":"nl-NL","@id":"https:\/\/www.scopecycling.com\/nl\/product\/s4a\/#primaryimage","url":"https:\/\/www.scopecycling.com\/wp-content\/uploads\/2022\/07\/S4a-wheelset-1.jpg","contentUrl":"https:\/\/www.scopecycling.com\/wp-content\/uploads\/2022\/07\/S4a-wheelset-1.jpg","width":2048,"height":1460},{"@type":"BreadcrumbList","@id":"https:\/\/www.scopecycling.com\/nl\/product\/s4a\/#breadcrumb","itemListElement":[{"@type":"ListItem","position":1,"name":"Home","item":"https:\/\/www.scopecycling.com\/nl\/"},{"@type":"ListItem","position":2,"name":"Winkel","item":"https:\/\/www.scopecycling.com\/nl\/winkel\/"},{"@type":"ListItem","position":3,"name":"S4.A"}]},{"@type":"WebSite","@id":"https:\/\/www.scopecycling.com\/nl\/#website","url":"https:\/\/www.scopecycling.com\/nl\/","name":"Scope Cycling","description":"High performance carbon wheels","potentialAction":[{"@type":"SearchAction","target":{"@type":"EntryPoint","urlTemplate":"https:\/\/www.scopecycling.com\/nl\/?s={search_term_string}"},"query-input":{"@type":"PropertyValueSpecification","valueRequired":true,"valueName":"search_term_string"}}],"inLanguage":"nl-NL"}]},"og_availability":"instock","product_availability":"instock","product_condition":"new"},"_links":{"self":[{"href":"https:\/\/www.scopecycling.com\/nl\/wp-json\/wp\/v2\/product\/47380","targetHints":{"allow":["GET"]}}],"collection":[{"href":"https:\/\/www.scopecycling.com\/nl\/wp-json\/wp\/v2\/product"}],"about":[{"href":"https:\/\/www.scopecycling.com\/nl\/wp-json\/wp\/v2\/types\/product"}],"wp:featuredmedia":[{"embeddable":true,"href":"https:\/\/www.scopecycling.com\/nl\/wp-json\/wp\/v2\/media\/47538"}],"wp:attachment":[{"href":"https:\/\/www.scopecycling.com\/nl\/wp-json\/wp\/v2\/media?parent=47380"}],"wp:term":[{"taxonomy":"product_brand","embeddable":true,"href":"https:\/\/www.scopecycling.com\/nl\/wp-json\/wp\/v2\/product_brand?post=47380"},{"taxonomy":"product_cat","embeddable":true,"href":"https:\/\/www.scopecycling.com\/nl\/wp-json\/wp\/v2\/product_cat?post=47380"},{"taxonomy":"product_tag","embeddable":true,"href":"https:\/\/www.scopecycling.com\/nl\/wp-json\/wp\/v2\/product_tag?post=47380"}],"curies":[{"name":"wp","href":"https:\/\/api.w.org\/{rel}","templated":true}]}}