{"id":45754,"date":"2020-12-14T09:53:15","date_gmt":"2020-12-14T09:53:15","guid":{"rendered":"https:\/\/www.scopecycling.com\/product\/s5\/"},"modified":"2026-03-15T19:47:14","modified_gmt":"2026-03-15T19:47:14","slug":"s5","status":"publish","type":"product","link":"https:\/\/www.scopecycling.com\/nl\/product\/s5\/","title":{"rendered":"S5"},"content":{"rendered":"<p>Road | Aero Specialist<\/p>\n","protected":false},"excerpt":{"rendered":"<p>Inbegrepen:<\/p>\n<ul>\n<li>30 dagen gratis proefperiode<\/li>\n<li>3 jaar garantie<\/li>\n<li>Levenslange crashvervanging<\/li>\n<li>Gratis wereldwijde verzending<\/li>\n<li>Op werkdagen v\u00f3\u00f3r 16:00 uur besteld, dezelfde dag nog verzonden<\/li>\n<\/ul>\n<p>&nbsp;<\/p>\n<ul>\n<li>Tubeless ventielen (vooraf ge\u00efnstalleerd)<\/li>\n<li>Tubeless velglint (vooraf ge\u00efnstalleerd)<\/li>\n<li>Set Scope snelspanners (velgrem)<\/li>\n<li>Set Scope carbon remblokken (velgrem)<\/li>\n<\/ul>\n","protected":false},"featured_media":39857,"template":"","meta":{"_acf_changed":false,"content-type":""},"product_brand":[],"product_cat":[239],"product_tag":[],"class_list":{"0":"post-45754","1":"product","2":"type-product","3":"status-publish","4":"has-post-thumbnail","6":"product_cat-road-sport-collection-nl","8":"first","9":"instock","10":"taxable","11":"shipping-taxable","12":"purchasable","13":"product-type-variable","14":"has-default-attributes"},"acf":[],"yoast_head":"<!-- This site is optimized with the Yoast SEO Premium plugin v27.3 (Yoast SEO v27.3) - https:\/\/yoast.com\/product\/yoast-seo-premium-wordpress\/ -->\n<title>S5 - Scope Cycling<\/title>\n<meta name=\"robots\" content=\"index, follow, max-snippet:-1, max-image-preview:large, max-video-preview:-1\" \/>\n<link rel=\"canonical\" href=\"https:\/\/www.scopecycling.com\/nl\/product\/s5\/\" \/>\n<meta property=\"og:locale\" content=\"nl_NL\" \/>\n<meta property=\"og:type\" content=\"article\" \/>\n<meta property=\"og:title\" content=\"S5\" \/>\n<meta property=\"og:description\" content=\"Inbegrepen:   30 dagen gratis proefperiode  3 jaar garantie  Levenslange crashvervanging  Gratis wereldwijde verzending  Op werkdagen v\u00f3\u00f3r 16:00 uur besteld, dezelfde dag nog verzonden  &nbsp;   Tubeless ventielen (vooraf ge\u00efnstalleerd)  Tubeless velglint (vooraf ge\u00efnstalleerd)  Set Scope snelspanners (velgrem)  Set Scope carbon remblokken (velgrem)\" \/>\n<meta property=\"og:url\" content=\"https:\/\/www.scopecycling.com\/nl\/product\/s5\/\" \/>\n<meta property=\"og:site_name\" content=\"Scope Cycling\" \/>\n<meta property=\"article:modified_time\" content=\"2026-03-15T19:47:14+00:00\" \/>\n<meta property=\"og:image\" content=\"https:\/\/www.scopecycling.com\/wp-content\/uploads\/2021\/05\/SC2021151_S5_Disc-Brake_2.jpg\" \/>\n\t<meta property=\"og:image:width\" content=\"2500\" \/>\n\t<meta property=\"og:image:height\" content=\"2074\" \/>\n\t<meta property=\"og:image:type\" content=\"image\/jpeg\" \/>\n<meta name=\"twitter:card\" content=\"summary_large_image\" \/>\n<meta name=\"twitter:label1\" content=\"Beschikbaarheid\" \/>\n\t<meta name=\"twitter:data1\" content=\"Op voorraad\" \/>\n<script type=\"application\/ld+json\" class=\"yoast-schema-graph\">{\"@context\":\"https:\\\/\\\/schema.org\",\"@graph\":[{\"@type\":\"WebPage\",\"@id\":\"https:\\\/\\\/www.scopecycling.com\\\/nl\\\/product\\\/s5\\\/\",\"url\":\"https:\\\/\\\/www.scopecycling.com\\\/nl\\\/product\\\/s5\\\/\",\"name\":\"S5 - Scope Cycling\",\"isPartOf\":{\"@id\":\"https:\\\/\\\/www.scopecycling.com\\\/nl\\\/#website\"},\"primaryImageOfPage\":{\"@id\":\"https:\\\/\\\/www.scopecycling.com\\\/nl\\\/product\\\/s5\\\/#primaryimage\"},\"image\":{\"@id\":\"https:\\\/\\\/www.scopecycling.com\\\/nl\\\/product\\\/s5\\\/#primaryimage\"},\"thumbnailUrl\":\"https:\\\/\\\/www.scopecycling.com\\\/wp-content\\\/uploads\\\/2021\\\/05\\\/SC2021151_S5_Disc-Brake_2.jpg\",\"datePublished\":\"2020-12-14T09:53:15+00:00\",\"dateModified\":\"2026-03-15T19:47:14+00:00\",\"breadcrumb\":{\"@id\":\"https:\\\/\\\/www.scopecycling.com\\\/nl\\\/product\\\/s5\\\/#breadcrumb\"},\"inLanguage\":\"nl-NL\",\"potentialAction\":[{\"@type\":\"ReadAction\",\"target\":[\"https:\\\/\\\/www.scopecycling.com\\\/nl\\\/product\\\/s5\\\/\"]}]},{\"@type\":\"ImageObject\",\"inLanguage\":\"nl-NL\",\"@id\":\"https:\\\/\\\/www.scopecycling.com\\\/nl\\\/product\\\/s5\\\/#primaryimage\",\"url\":\"https:\\\/\\\/www.scopecycling.com\\\/wp-content\\\/uploads\\\/2021\\\/05\\\/SC2021151_S5_Disc-Brake_2.jpg\",\"contentUrl\":\"https:\\\/\\\/www.scopecycling.com\\\/wp-content\\\/uploads\\\/2021\\\/05\\\/SC2021151_S5_Disc-Brake_2.jpg\",\"width\":2500,\"height\":2074},{\"@type\":\"BreadcrumbList\",\"@id\":\"https:\\\/\\\/www.scopecycling.com\\\/nl\\\/product\\\/s5\\\/#breadcrumb\",\"itemListElement\":[{\"@type\":\"ListItem\",\"position\":1,\"name\":\"Home\",\"item\":\"https:\\\/\\\/www.scopecycling.com\\\/nl\\\/\"},{\"@type\":\"ListItem\",\"position\":2,\"name\":\"Winkel\",\"item\":\"https:\\\/\\\/www.scopecycling.com\\\/nl\\\/winkel\\\/\"},{\"@type\":\"ListItem\",\"position\":3,\"name\":\"S5\"}]},{\"@type\":\"WebSite\",\"@id\":\"https:\\\/\\\/www.scopecycling.com\\\/nl\\\/#website\",\"url\":\"https:\\\/\\\/www.scopecycling.com\\\/nl\\\/\",\"name\":\"Scope Cycling\",\"description\":\"High performance carbon wheels\",\"potentialAction\":[{\"@type\":\"SearchAction\",\"target\":{\"@type\":\"EntryPoint\",\"urlTemplate\":\"https:\\\/\\\/www.scopecycling.com\\\/nl\\\/?s={search_term_string}\"},\"query-input\":{\"@type\":\"PropertyValueSpecification\",\"valueRequired\":true,\"valueName\":\"search_term_string\"}}],\"inLanguage\":\"nl-NL\"}]}<\/script>\n<meta property=\"og:availability\" content=\"instock\" \/>\n<meta property=\"product:availability\" content=\"instock\" \/>\n<meta property=\"product:condition\" content=\"new\" \/>\n<!-- \/ Yoast SEO Premium plugin. -->","yoast_head_json":{"title":"S5 - Scope Cycling","robots":{"index":"index","follow":"follow","max-snippet":"max-snippet:-1","max-image-preview":"max-image-preview:large","max-video-preview":"max-video-preview:-1"},"canonical":"https:\/\/www.scopecycling.com\/nl\/product\/s5\/","og_locale":"nl_NL","og_type":"article","og_title":"S5","og_description":"Inbegrepen:   30 dagen gratis proefperiode  3 jaar garantie  Levenslange crashvervanging  Gratis wereldwijde verzending  Op werkdagen v\u00f3\u00f3r 16:00 uur besteld, dezelfde dag nog verzonden  &nbsp;   Tubeless ventielen (vooraf ge\u00efnstalleerd)  Tubeless velglint (vooraf ge\u00efnstalleerd)  Set Scope snelspanners (velgrem)  Set Scope carbon remblokken (velgrem)","og_url":"https:\/\/www.scopecycling.com\/nl\/product\/s5\/","og_site_name":"Scope Cycling","article_modified_time":"2026-03-15T19:47:14+00:00","og_image":[{"width":2500,"height":2074,"url":"https:\/\/www.scopecycling.com\/wp-content\/uploads\/2021\/05\/SC2021151_S5_Disc-Brake_2.jpg","type":"image\/jpeg"}],"twitter_card":"summary_large_image","twitter_misc":{"Beschikbaarheid":"Op voorraad"},"schema":{"@context":"https:\/\/schema.org","@graph":[{"@type":"WebPage","@id":"https:\/\/www.scopecycling.com\/nl\/product\/s5\/","url":"https:\/\/www.scopecycling.com\/nl\/product\/s5\/","name":"S5 - Scope Cycling","isPartOf":{"@id":"https:\/\/www.scopecycling.com\/nl\/#website"},"primaryImageOfPage":{"@id":"https:\/\/www.scopecycling.com\/nl\/product\/s5\/#primaryimage"},"image":{"@id":"https:\/\/www.scopecycling.com\/nl\/product\/s5\/#primaryimage"},"thumbnailUrl":"https:\/\/www.scopecycling.com\/wp-content\/uploads\/2021\/05\/SC2021151_S5_Disc-Brake_2.jpg","datePublished":"2020-12-14T09:53:15+00:00","dateModified":"2026-03-15T19:47:14+00:00","breadcrumb":{"@id":"https:\/\/www.scopecycling.com\/nl\/product\/s5\/#breadcrumb"},"inLanguage":"nl-NL","potentialAction":[{"@type":"ReadAction","target":["https:\/\/www.scopecycling.com\/nl\/product\/s5\/"]}]},{"@type":"ImageObject","inLanguage":"nl-NL","@id":"https:\/\/www.scopecycling.com\/nl\/product\/s5\/#primaryimage","url":"https:\/\/www.scopecycling.com\/wp-content\/uploads\/2021\/05\/SC2021151_S5_Disc-Brake_2.jpg","contentUrl":"https:\/\/www.scopecycling.com\/wp-content\/uploads\/2021\/05\/SC2021151_S5_Disc-Brake_2.jpg","width":2500,"height":2074},{"@type":"BreadcrumbList","@id":"https:\/\/www.scopecycling.com\/nl\/product\/s5\/#breadcrumb","itemListElement":[{"@type":"ListItem","position":1,"name":"Home","item":"https:\/\/www.scopecycling.com\/nl\/"},{"@type":"ListItem","position":2,"name":"Winkel","item":"https:\/\/www.scopecycling.com\/nl\/winkel\/"},{"@type":"ListItem","position":3,"name":"S5"}]},{"@type":"WebSite","@id":"https:\/\/www.scopecycling.com\/nl\/#website","url":"https:\/\/www.scopecycling.com\/nl\/","name":"Scope Cycling","description":"High performance carbon wheels","potentialAction":[{"@type":"SearchAction","target":{"@type":"EntryPoint","urlTemplate":"https:\/\/www.scopecycling.com\/nl\/?s={search_term_string}"},"query-input":{"@type":"PropertyValueSpecification","valueRequired":true,"valueName":"search_term_string"}}],"inLanguage":"nl-NL"}]},"og_availability":"instock","product_availability":"instock","product_condition":"new"},"_links":{"self":[{"href":"https:\/\/www.scopecycling.com\/nl\/wp-json\/wp\/v2\/product\/45754","targetHints":{"allow":["GET"]}}],"collection":[{"href":"https:\/\/www.scopecycling.com\/nl\/wp-json\/wp\/v2\/product"}],"about":[{"href":"https:\/\/www.scopecycling.com\/nl\/wp-json\/wp\/v2\/types\/product"}],"wp:featuredmedia":[{"embeddable":true,"href":"https:\/\/www.scopecycling.com\/nl\/wp-json\/wp\/v2\/media\/39857"}],"wp:attachment":[{"href":"https:\/\/www.scopecycling.com\/nl\/wp-json\/wp\/v2\/media?parent=45754"}],"wp:term":[{"taxonomy":"product_brand","embeddable":true,"href":"https:\/\/www.scopecycling.com\/nl\/wp-json\/wp\/v2\/product_brand?post=45754"},{"taxonomy":"product_cat","embeddable":true,"href":"https:\/\/www.scopecycling.com\/nl\/wp-json\/wp\/v2\/product_cat?post=45754"},{"taxonomy":"product_tag","embeddable":true,"href":"https:\/\/www.scopecycling.com\/nl\/wp-json\/wp\/v2\/product_tag?post=45754"}],"curies":[{"name":"wp","href":"https:\/\/api.w.org\/{rel}","templated":true}]}}